{"id":440,"date":"2018-09-16T23:51:06","date_gmt":"2018-09-16T23:51:06","guid":{"rendered":"http:\/\/aleksandarsimic.com\/?page_id=440"},"modified":"2019-03-11T12:04:10","modified_gmt":"2019-03-11T12:04:10","slug":"cv","status":"publish","type":"page","link":"https:\/\/aleksandarsimic.com\/sr\/cv\/","title":{"rendered":"CV"},"content":{"rendered":"[vc_row ct_row_stretch=&#8220;&#8220; css=&#8220;.vc_custom_1551791107575{margin-top: 95px !important;}&#8220;][vc_column][vc_column_text]<img decoding=\"async\" class=\"malogore alignleft wp-image-840 size-full\" src=\"https:\/\/aleksandarsimic.com\/wp-content\/uploads\/2018\/10\/32.jpg\" alt=\"\" width=\"280\" height=\"auto\" srcset=\"https:\/\/aleksandarsimic.com\/wp-content\/uploads\/2018\/10\/32.jpg 591w, https:\/\/aleksandarsimic.com\/wp-content\/uploads\/2018\/10\/32-197x300.jpg 197w\" sizes=\"(max-width: 591px) 100vw, 591px\" \/>Simi\u0107ev opus obuhvata veliki broj dela za sve standardne ansamble \u2013 od muzike za solo instrumente uz pratnju klavira, preko tria, kvarteta, horske muzike, muzike za guda\u010dki i simfonijski orkestar, do klavirskog koncerta i vokalno-instrumentalnih dela.<\/p>\n<p>Zna\u010dajan\u00a0 deo njegovih kompozicija nastao je kao porud\u017ebina i u saradnji sa institucijama kao \u0161to su Ujedinjene Nacije, NASA, Vatikan, Jad Va\u0161em, Ruska Federacija ili Stejt Dipartment. Komponovao je muziku za pozori\u0161te, film, televiziju i internacionalna sportska takmi\u010denja a veliki broj va\u017enih jubileja \u0161irom planete obele\u017eavan je upravo izvo\u0111enjima Simi\u0107evih kompozicija. 2005. godine osnovao je autorski ansambl <em>Aleksandar Simi\u0107 i Serafimi<\/em>, postaviv\u0161i njihove koncerte na repertoar velike scene Narodnog pozori\u0161ta u Beogradu. Od tada, razli\u010dite verzije ovog ansambla, pod istim imenom, su u saradnji sa lokalnim muzi\u010darima nastajale i u drugim sredinama, poput Njujorka, Londona, Petrograda, Lisabona, Torina, Hamburga ili Delhija.<\/p>\n<p>Pored muzi\u010dkog, publici je dobro poznat i po svom dru\u0161tvenom anga\u017emanu. Ve\u0107 godinama je portparol i aktivista humanitarnog fonda <em>Svetlost<\/em>, koji je u Srbiji poveo kampanje poput Sigurne \u017eenske ku\u0107e ili Nacionalne kampanje za pomo\u0107 slepima, a kao pokreta\u010d projekta <em>Note iz Srca<\/em> (kampanje za besplatne kulturne sadr\u017eaje posve\u0107ene starima, siroma\u0161nima i hendikepiranima), odr\u017eao je na desetine koncerata, kroz koje je fokusirao pa\u017enju zajednice i nadle\u017enih institucija na sistematsko re\u0161avanje problema ugro\u017eenih grupa.<br \/>\nVeoma je zna\u010dajan i Simi\u0107ev doprinos me\u0111ureligijskom dijalogu na globalnom nivou, kroz veliki niz inicijativa, tokom vi\u0161e od dvadesetpet godina. \u010clan je upravnog odbora fondacije <em>Pave the Way<\/em> iz Njujorka i organizacije <em>East West Bridge<\/em> sa sedi\u0161tem u Beogradu. Od 2007. godine sara\u0111uje sa Centrom Simon Vizental i kancelarijom Tu\u017eila\u0161tva za ratne zlo\u010dine u Republici Srbiji u okviru operacije <em>Poslednja \u0160ansa<\/em>. Od 2010, njegova saradnja sa Ujedinjenim Nacijama obuhvatila je na desetine inicijativa u domenu kulture, ljudskih prava, me\u0111ureligijskog dijaloga, za\u0161tite prirodne sredine i mirovnog akrtivizma, kroz niz razli\u010ditih struktura ove organizacije, od Generalne Skup\u0161tine, preko agencija i inicijativa UN, poput Alijanse Civilizacija, Uneskoa, Rio+20 ili Svetske Zdravstvene Organizacije, do same kancelarije Generalnog Sekretara.[\/vc_column_text][vc_empty_space]\r\n\t\t\t<div class=\"ult_dual_button  vc_custom_1552305754687 ult-adjust-bottom-margin to-center  dugme\"  data-response=\"on\" id=\"ult_btn_1947143946\">\r\n\r\n\t\t\t<div id=\"dualbtn-2656\" class=\"ulitmate_dual_buttons ult-dual-btn3 ult_main_dualbtn \" data-bcolor=\"#000000\"data-bhcolor=\"\">\r\n\r\n\t\t\t<div class=\"ult_dualbutton-wrapper btn-inline place-template bt1 \"><a href=\"\/sr\/bio-longer\"  class=\"ult_ivan_button round-square with-icon icon-before with-text place-template ult_dual1\" style=\";margin-right:px;;background-color:#ffffff !important;; border-color:#000000;border-style:solid;border-width:1px;border-radius:1px;;\">\r\n\t\t\t<span class=\"ult-dual-btn-1 Style 2\" style=\"\"  data-bgcolor=\"#ffffff\" data-bghovercolor=\"#bcbcbc\" data-icon_color=\"#333333\" data-icon_hover_color=\"#333333\" data-textcolor=\"#333333\" data-texthovercolor=\"#333333\" data-iconbgcolor=\"transperent\" data-iconbghovercolor=\"transperent\" data-iconborder=\"transperent\" data-iconhoverborder=\"transperent\" >\r\n\t\t\t<span class=\"icon-simple icon-left1 ult_btn1span \"  style=\"; \">\n<span class=\"aio-icon btn1icon none dugme\"  style=\"color:#333333;font-size:16px;\">\n\t<i class=\"Defaults-sign-in\" ><\/i>\n<\/span><\/span>\r\n\t\t\t<span class=\"text-btn ult-dual-button-title ult-responsive\"  data-ultimate-target='#dualbtn-2656 .ult-dual-button-title'  data-responsive-json-new='{\"font-size\":\"desktop:15px;\",\"line-height\":\"desktop:15px;\"}'  style=\"font-weight:normal;color:#333333;\">du\u017ea verzija biografije<\/span>\r\n\r\n\t\t\t<\/span>\r\n\t\t\t<\/a><span class=\"middle-text\" style=\"line-height: 1.8em;color:#ffffff;background-color:#dd3333;border-width:0px;\">\r\n\t\t\t<span class=\"middle-inner\"  >ili<\/span>\r\n\t\t\t<\/span>\r\n\r\n\t\t\t<\/div>\r\n\r\n\t\t\t<div class=\"ult_dualbutton-wrapper btn-inline place-template btn2 \"><a href=\"https:\/\/aleksandarsimic.com\/wp-content\/uploads\/2019\/03\/Aleksandar-Simi\u0107-Press-Kit-CV-intervjui-i-foto-galerija.pdf\" target=\"_blank\" rel=\"noopener\"  class=\"ult_ivan_button round-square with-icon icon-after with-text place-template ult_dual2\"  style=\";background-color:#ffffff !important;;margin-left:px;;border-color:#000000;border-style:solid;border-width:1px;border-radius:1px;\">\r\n\t\t\t<span class=\"ult-dual-btn-2 Style 2\"  data-bgcolor=\"#ffffff\" data-bghovercolor=\"#bcbcbc\" data-icon_color=\"#000000\" data-icon_hover_color=\"#dd3333\" data-textcolor=\"#333333\" data-texthovercolor=\"#333333\" data-iconbgcolor=\"transperent\" data-iconbghovercolor=\"transperent\" data-iconborder=\"transperent\" data-iconhoverborder=\"transperent\" >\r\n\t\t\t<span class=\"text-btn ult-dual-button-title\" style=\"font-weight:normal;color:#333333;\">press kit u pdf formi<\/span>\r\n\r\n\t\t\t<span class=\"icon-simple icon-right2 ult_btn1span \"  style=\"; \">\n<span class=\"aio-icon btn1icon none \"  style=\"color:#000000;font-size:18px;display:inline-block;\">\n\t<i class=\"Defaults-download\" ><\/i>\n<\/span><\/span>\r\n\t\t\t<\/span>\r\n\t\t\t<\/a><\/div>\r\n\t\t\t<\/div>\r\n\t\t\t<\/div>[\/vc_column][\/vc_row][vc_row ct_row_stretch=&#8220;&#8220;][vc_column][\/vc_column][\/vc_row]\n","protected":false},"excerpt":{"rendered":"<p>[vc_row ct_row_stretch=&#8220;&#8220; css=&#8220;.vc_custom_1551791107575{margin-top: 95px !important;}&#8220;][vc_column][vc_column_text]Simi\u0107ev opus obuhvata veliki broj dela za sve standardne ansamble \u2013 od muzike za solo instrumente uz pratnju klavira, preko tria, kvarteta, horske muzike, muzike za guda\u010dki i simfonijski orkestar, do klavirskog koncerta i vokalno-instrumentalnih dela. Zna\u010dajan\u00a0 deo njegovih kompozicija nastao je kao porud\u017ebina i u saradnji sa institucijama kao \u0161to &#8230;<\/p>\n","protected":false},"author":1,"featured_media":0,"parent":0,"menu_order":0,"comment_status":"closed","ping_status":"closed","template":"","meta":{"footnotes":""},"class_list":["post-440","page","type-page","status-publish","hentry"],"acf":[],"yoast_head":"<!-- This site is optimized with the Yoast SEO plugin v20.9 - https:\/\/yoast.com\/wordpress\/plugins\/seo\/ -->\n<title>CV - Aleksandar Simi\u0107<\/title>\n<meta name=\"robots\" content=\"index, follow, max-snippet:-1, max-image-preview:large, max-video-preview:-1\" \/>\n<link rel=\"canonical\" href=\"https:\/\/aleksandarsimic.com\/sr\/cv\/\" \/>\n<meta property=\"og:locale\" content=\"sr_RS\" \/>\n<meta property=\"og:type\" content=\"article\" \/>\n<meta property=\"og:title\" content=\"CV - Aleksandar Simi\u0107\" \/>\n<meta property=\"og:description\" content=\"[vc_row ct_row_stretch=&#8220;&#8220; css=&#8220;.vc_custom_1551791107575{margin-top: 95px !important;}&#8220;][vc_column][vc_column_text]Simi\u0107ev opus obuhvata veliki broj dela za sve standardne ansamble \u2013 od muzike za solo instrumente uz pratnju klavira, preko tria, kvarteta, horske muzike, muzike za guda\u010dki i simfonijski orkestar, do klavirskog koncerta i vokalno-instrumentalnih dela. Zna\u010dajan\u00a0 deo njegovih kompozicija nastao je kao porud\u017ebina i u saradnji sa institucijama kao \u0161to ...\" \/>\n<meta property=\"og:url\" content=\"https:\/\/aleksandarsimic.com\/sr\/cv\/\" \/>\n<meta property=\"og:site_name\" content=\"Aleksandar Simi\u0107\" \/>\n<meta property=\"article:modified_time\" content=\"2019-03-11T12:04:10+00:00\" \/>\n<meta property=\"og:image\" content=\"http:\/\/aleksandarsimic.com\/wp-content\/uploads\/2018\/10\/32.jpg\" \/>\n<meta name=\"twitter:card\" content=\"summary_large_image\" \/>\n<meta name=\"twitter:label1\" content=\"\u041f\u0440\u043e\u0446\u0435\u045a\u0435\u043d\u043e \u0432\u0440\u0435\u043c\u0435 \u0447\u0438\u0442\u0430\u045a\u0430\" \/>\n\t<meta name=\"twitter:data1\" content=\"2 \u043c\u0438\u043d\u0443\u0442\u0430\" \/>\n<script type=\"application\/ld+json\" class=\"yoast-schema-graph\">{\"@context\":\"https:\/\/schema.org\",\"@graph\":[{\"@type\":\"WebPage\",\"@id\":\"https:\/\/aleksandarsimic.com\/sr\/cv\/\",\"url\":\"https:\/\/aleksandarsimic.com\/sr\/cv\/\",\"name\":\"CV - Aleksandar Simi\u0107\",\"isPartOf\":{\"@id\":\"https:\/\/aleksandarsimic.com\/#website\"},\"datePublished\":\"2018-09-16T23:51:06+00:00\",\"dateModified\":\"2019-03-11T12:04:10+00:00\",\"breadcrumb\":{\"@id\":\"https:\/\/aleksandarsimic.com\/sr\/cv\/#breadcrumb\"},\"inLanguage\":\"sr-RS\",\"potentialAction\":[{\"@type\":\"ReadAction\",\"target\":[\"https:\/\/aleksandarsimic.com\/sr\/cv\/\"]}]},{\"@type\":\"BreadcrumbList\",\"@id\":\"https:\/\/aleksandarsimic.com\/sr\/cv\/#breadcrumb\",\"itemListElement\":[{\"@type\":\"ListItem\",\"position\":1,\"name\":\"Home\",\"item\":\"https:\/\/aleksandarsimic.com\/sr\/\"},{\"@type\":\"ListItem\",\"position\":2,\"name\":\"CV\"}]},{\"@type\":\"WebSite\",\"@id\":\"https:\/\/aleksandarsimic.com\/#website\",\"url\":\"https:\/\/aleksandarsimic.com\/\",\"name\":\"Aleksandar Simi\u0107\",\"description\":\"\",\"potentialAction\":[{\"@type\":\"SearchAction\",\"target\":{\"@type\":\"EntryPoint\",\"urlTemplate\":\"https:\/\/aleksandarsimic.com\/?s={search_term_string}\"},\"query-input\":\"required name=search_term_string\"}],\"inLanguage\":\"sr-RS\"}]}<\/script>\n<!-- \/ Yoast SEO plugin. -->","yoast_head_json":{"title":"CV - Aleksandar Simi\u0107","robots":{"index":"index","follow":"follow","max-snippet":"max-snippet:-1","max-image-preview":"max-image-preview:large","max-video-preview":"max-video-preview:-1"},"canonical":"https:\/\/aleksandarsimic.com\/sr\/cv\/","og_locale":"sr_RS","og_type":"article","og_title":"CV - Aleksandar Simi\u0107","og_description":"[vc_row ct_row_stretch=&#8220;&#8220; css=&#8220;.vc_custom_1551791107575{margin-top: 95px !important;}&#8220;][vc_column][vc_column_text]Simi\u0107ev opus obuhvata veliki broj dela za sve standardne ansamble \u2013 od muzike za solo instrumente uz pratnju klavira, preko tria, kvarteta, horske muzike, muzike za guda\u010dki i simfonijski orkestar, do klavirskog koncerta i vokalno-instrumentalnih dela. Zna\u010dajan\u00a0 deo njegovih kompozicija nastao je kao porud\u017ebina i u saradnji sa institucijama kao \u0161to ...","og_url":"https:\/\/aleksandarsimic.com\/sr\/cv\/","og_site_name":"Aleksandar Simi\u0107","article_modified_time":"2019-03-11T12:04:10+00:00","og_image":[{"url":"http:\/\/aleksandarsimic.com\/wp-content\/uploads\/2018\/10\/32.jpg"}],"twitter_card":"summary_large_image","twitter_misc":{"\u041f\u0440\u043e\u0446\u0435\u045a\u0435\u043d\u043e \u0432\u0440\u0435\u043c\u0435 \u0447\u0438\u0442\u0430\u045a\u0430":"2 \u043c\u0438\u043d\u0443\u0442\u0430"},"schema":{"@context":"https:\/\/schema.org","@graph":[{"@type":"WebPage","@id":"https:\/\/aleksandarsimic.com\/sr\/cv\/","url":"https:\/\/aleksandarsimic.com\/sr\/cv\/","name":"CV - Aleksandar Simi\u0107","isPartOf":{"@id":"https:\/\/aleksandarsimic.com\/#website"},"datePublished":"2018-09-16T23:51:06+00:00","dateModified":"2019-03-11T12:04:10+00:00","breadcrumb":{"@id":"https:\/\/aleksandarsimic.com\/sr\/cv\/#breadcrumb"},"inLanguage":"sr-RS","potentialAction":[{"@type":"ReadAction","target":["https:\/\/aleksandarsimic.com\/sr\/cv\/"]}]},{"@type":"BreadcrumbList","@id":"https:\/\/aleksandarsimic.com\/sr\/cv\/#breadcrumb","itemListElement":[{"@type":"ListItem","position":1,"name":"Home","item":"https:\/\/aleksandarsimic.com\/sr\/"},{"@type":"ListItem","position":2,"name":"CV"}]},{"@type":"WebSite","@id":"https:\/\/aleksandarsimic.com\/#website","url":"https:\/\/aleksandarsimic.com\/","name":"Aleksandar Simi\u0107","description":"","potentialAction":[{"@type":"SearchAction","target":{"@type":"EntryPoint","urlTemplate":"https:\/\/aleksandarsimic.com\/?s={search_term_string}"},"query-input":"required name=search_term_string"}],"inLanguage":"sr-RS"}]}},"_links":{"self":[{"href":"https:\/\/aleksandarsimic.com\/sr\/wp-json\/wp\/v2\/pages\/440","targetHints":{"allow":["GET"]}}],"collection":[{"href":"https:\/\/aleksandarsimic.com\/sr\/wp-json\/wp\/v2\/pages"}],"about":[{"href":"https:\/\/aleksandarsimic.com\/sr\/wp-json\/wp\/v2\/types\/page"}],"author":[{"embeddable":true,"href":"https:\/\/aleksandarsimic.com\/sr\/wp-json\/wp\/v2\/users\/1"}],"replies":[{"embeddable":true,"href":"https:\/\/aleksandarsimic.com\/sr\/wp-json\/wp\/v2\/comments?post=440"}],"version-history":[{"count":22,"href":"https:\/\/aleksandarsimic.com\/sr\/wp-json\/wp\/v2\/pages\/440\/revisions"}],"predecessor-version":[{"id":2293,"href":"https:\/\/aleksandarsimic.com\/sr\/wp-json\/wp\/v2\/pages\/440\/revisions\/2293"}],"wp:attachment":[{"href":"https:\/\/aleksandarsimic.com\/sr\/wp-json\/wp\/v2\/media?parent=440"}],"curies":[{"name":"wp","href":"https:\/\/api.w.org\/{rel}","templated":true}]}}