{"id":1985,"date":"2018-09-16T22:31:11","date_gmt":"2018-09-16T22:31:11","guid":{"rendered":"http:\/\/aleksandarsimic.com\/ensemble\/"},"modified":"2019-03-05T13:47:15","modified_gmt":"2019-03-05T13:47:15","slug":"ensemble","status":"publish","type":"page","link":"https:\/\/aleksandarsimic.com\/sr\/ensemble\/","title":{"rendered":"Ansambl"},"content":{"rendered":"[vc_row ct_row_stretch=&#8220;&#8220; css=&#8220;.vc_custom_1551793609832{padding-top: 55px !important;}&#8220;][vc_column][vc_column_text]<strong><em><img loading=\"lazy\" decoding=\"async\" class=\"spustiti alignleft wp-image-1337 size-medium\" src=\"https:\/\/aleksandarsimic.com\/wp-content\/uploads\/2019\/01\/Seraphim-Logo-221x300.jpg\" alt=\"\" width=\"221\" height=\"300\" srcset=\"https:\/\/aleksandarsimic.com\/wp-content\/uploads\/2019\/01\/Seraphim-Logo-221x300.jpg 221w, https:\/\/aleksandarsimic.com\/wp-content\/uploads\/2019\/01\/Seraphim-Logo.jpg 332w\" sizes=\"auto, (max-width: 221px) 100vw, 221px\" \/><\/em><\/strong><\/p>\n<p>Autorski ansambl <em><strong>Aleksandar Simi\u0107 i Serafimi <\/strong><\/em>nastaje spontano 2005. godine, u momentu kada postaje jasno da je eklekti\u010dnost kompozitorove li\u010dnosti i neponovljivih \u017eivotnih iskustava iznedrila jedan veoma jedinstven opus koji po raznovrsnosti \u017eanrova i izraza, predstavlja uzbudljiv i dinami\u010dan splet muzi\u010dkih boja, oblika, mirisa i ukusa.<\/p>\n<p>Kombinacija instrumenata poput klavira, koji Simi\u0107 sam svira, sa violinom, klarinetom, \u010delom, glasom i perkusijama, pokazala se savr\u0161enim izborom u kreiranju sna\u017enog i bogatog zvuka, izuzetno zahvalnog kako za kamerne tako i za velike scene.<\/p>\n<p>Prva postavka <em>Serafima<\/em>, predstavljena je publici u okviru serije koncerata, koji su repertoarski bili postavljeni na velikoj sceni Narodnog Pozori\u0161ta, u formi multimedijalnih gala predstava, koje su pored muzi\u010dara samog kamernog ansambla uklju\u010divale i ambiciozne scenografije, ve\u0161to uklopljene sa svetlom, video instalacijama, horovima, baletskim igra\u010dima i glumcima. Dok su hiljade ljudi videle \u0161ou u\u017eivo, milioni gra\u0111ana su se sa programima upoznali putem video spotova koji su na svim televizijama pu\u0161tani u kontinuitetu, svakoga dana, tokom vi\u0161e od dve godine.<\/p>\n<p>Nakon 2006, razli\u010dite verzije <em>Serafima<\/em>, kreirane su na licu mesta, u saradnji sa najboljim mladim muzi\u010darima, u sredinama kao \u0161to su Njujork, London, Hamburg, Torino, Sankt Petersburg, Lisabon ili Delhi. Iz perspektive agenata, promotera i festivala, predstavljanje ovih jedinstvenih i atraktivnih programa, uz upotrebu lokalnih muzi\u010dara, pokazalo se kao koncept koji iz mnogo razloga ima i ekonomskog i umetni\u010dkog smisla.<\/p>\n<p>Kako bi dobili jo\u0161 jasniju sliku o samoj muzici i kompozicijama koje se izvode na koncertima <em>Serafima<\/em>, mo\u017eete se referisati na ovde prilo\u017eeni <a id=\"program\" class=\"program\" href=\"#program\">uzorak programa<\/a>, ili pogledati foto i video galeriju u dnu ekrana.[\/vc_column_text]\r\n\t\t\t<div class=\"ult_dual_button  vc_custom_1548422048825 ult-adjust-bottom-margin to-center  \"  data-response=\"on\" id=\"ult_btn_2032481717\">\r\n\r\n\t\t\t<div id=\"dualbtn-5575\" class=\"ulitmate_dual_buttons ult-dual-btn ult_main_dualbtn \" data-bcolor=\"#333333\"data-bhcolor=\"\">\r\n\r\n\t\t\t<div class=\"ult_dualbutton-wrapper btn-inline place-template bt1 \"><a href=\"http:\/\/aleksandarsimic.com\/ensemble\/photos\/\"  class=\"ult_ivan_button round-square with-icon icon-before with-text place-template ult_dual1\" style=\";margin-right:px;;background-color:#000000 !important;; border-color:#333333;border-style:;border-width:0px;border-radius:18px;width:160px;;\">\r\n\t\t\t<span class=\"ult-dual-btn-1 Style 1\" style=\"\"  data-bgcolor=\"#000000\" data-bghovercolor=\"#262626\" data-icon_color=\"#dbdbdb\" data-icon_hover_color=\"#333333\" data-textcolor=\"#e0e0e0\" data-texthovercolor=\"#ffffff\" data-iconbgcolor=\"transperent\" data-iconbghovercolor=\"transperent\" data-iconborder=\"transperent\" data-iconhoverborder=\"transperent\" >\r\n\t\t\t<span class=\"icon-simple icon-left1 ult_btn1span ult-dual-btn-no-icon\"  style=\";padding-left:0px; \"><\/span>\r\n\t\t\t<span class=\"text-btn ult-dual-button-title ult-responsive\"  data-ultimate-target='#dualbtn-5575 .ult-dual-button-title'  data-responsive-json-new='{\"font-size\":\"desktop:18px;\",\"line-height\":\"desktop:10px;\"}'  style=\"font-weight:normal;color:#e0e0e0;\">Fotografije<\/span>\r\n\r\n\t\t\t<\/span>\r\n\t\t\t<\/a><span class=\"middle-text\" style=\"line-height: 1.8em;color:#606060;background-color:#333333;border-width:0px;\">\r\n\t\t\t<span class=\"middle-inner\"  >or<\/span>\r\n\t\t\t<\/span>\r\n\r\n\t\t\t<\/div>\r\n\r\n\t\t\t<div class=\"ult_dualbutton-wrapper btn-inline place-template btn2 \"><a href=\"http:\/\/aleksandarsimic.com\/ensemble\/video\/\"  class=\"ult_ivan_button round-square with-icon icon-after with-text place-template ult_dual2\"  style=\";background-color:#000000 !important;;margin-left:px;;border-color:#333333;border-style:;border-width:0px;border-radius:18px;width:160px;\">\r\n\t\t\t<span class=\"ult-dual-btn-2 Style 1\"  data-bgcolor=\"#000000\" data-bghovercolor=\"#262626\" data-icon_color=\"#333333\" data-icon_hover_color=\"#ffffff\" data-textcolor=\"#e0e0e0\" data-texthovercolor=\"#ffffff\" data-iconbgcolor=\"transperent\" data-iconbghovercolor=\"transperent\" data-iconborder=\"transperent\" data-iconhoverborder=\"transperent\" >\r\n\t\t\t<span class=\"text-btn ult-dual-button-title\" style=\"font-weight:normal;color:#e0e0e0;\">Video<\/span>\r\n\r\n\t\t\t<span class=\"icon-simple icon-right2 ult_btn1span ult-dual-btn-no-icon\"  style=\";padding-left:0px; \"><\/span>\r\n\t\t\t<\/span>\r\n\t\t\t<\/a><\/div>\r\n\t\t\t<\/div>\r\n\t\t\t<\/div>[\/vc_column][\/vc_row][vc_row ct_row_stretch=&#8220;&#8220;][vc_column]<div id=\"modal-trg-txt-wrap-9046\" class=\"ult-modal-input-wrapper ult-adjust-bottom-margin    \" data-keypress-control=\"keypress-control-enable\" data-overlay-control=\"overlay-control-enable\"><span data-class-id=\"content-69f5fa23923b74-53080325\"><\/span>\r\n\t\t\t\t<script type=\"text\/javascript\">\r\n\t\t\t\t(function($){\r\n\t\t\t\t\t$(document).ready(function(){\r\n\t\t\t\t\t\tvar selector = \"#program\";\r\n\t\t\t\t\t\t$(selector).addClass(\"custom-ult-modal overlay-show\");\r\n\t\t\t\t\t\t$(selector).attr(\"data-class-id\", \"content-69f5fa23923b74-53080325\");\r\n\t\t\t\t\t\t$(selector).attr(\"data-overlay-class\", \"overlay-zoomin\");\r\n\t\t\t\t\t\t$(selector).attr(\"data-keypress-control\", \"keypress-control-enable\");\r\n\t\t\t\t\t\t$(selector).attr(\"data-overlay-control\", \"overlay-control-enable\");\r\n\t\t\t\t\t});\r\n\t\t\t\t})(jQuery);\r\n\t\t\t\t<\/script><\/div>\n<div class=\"ult-overlay content-69f5fa23923b74-53080325 necrveno\" data-class=\"content-69f5fa23923b74-53080325\" id=\"button-click-overlay\" style=\"background:rgba(51,51,51,0.8); display:none;\">\n\t<div class=\"ult_modal ult-fade ult-container\">\n\t\t<div id=\"ult-modal-wrap-315\" class=\"ult_modal-content ult-hide\" style=\"border-style:solid;border-width:2px;border-radius:0px;border-color:#333333;\">\n\t\t\t<div class=\"ult_modal-header\" style=\"background:#3f3f3f;color:#a8a8a8;border-color:#333333;\">\n\t\t\t\t<h3  data-ultimate-target='#ult-modal-wrap-315 .ult_modal-title'  data-responsive-json-new='{\"font-size\":\"\",\"line-height\":\"\"}'  class=\"ult_modal-title ult-responsive\">Uzorak programa (naslovi su izlinkovani kao muzi\u010dke ilustracije)<\/h3>\n\t\t\t<\/div>\n\t\t\t<div  data-ultimate-target='#ult-modal-wrap-315 .ult_modal-body'  data-responsive-json-new='{\"font-size\":\"\",\"line-height\":\"\"}'  class=\"ult_modal-body ult-responsive ult-html\" style=\"background:#000000;\">\n\t\t\t<strong>Aleksandar Simi\u0107 i Serafimi \u2013 Uzorak programa<\/strong> (Trajanje &#8211; oko 1 sat i 30 min.)<\/p>\n<ol>\n<li><a href=\"https:\/\/www.youtube.com\/watch?v=8eM_vgwCNZc&amp;t=0s&amp;index=5&amp;list=PLEfXsoW8jty_NuoYOi9ETqZSjIw3tyRbk\" target=\"_blank\" rel=\"noopener\">Tango for her<\/a><a href=\"https:\/\/www.youtube.com\/watch?v=8eM_vgwCNZc&amp;t=0s&amp;index=5&amp;list=PLEfXsoW8jty_NuoYOi9ETqZSjIw3tyRbk\"> (video klip)<\/a> \/violina, klavir, klarinet &amp; \u010delo \/ <a href=\"https:\/\/soundcloud.com\/aleksandar-simic-composer\/tango-for-her\" target=\"_blank\" rel=\"noopener\">(kompletan audio)<\/a><\/li>\n<li><a href=\"https:\/\/www.youtube.com\/watch?v=geCaSt7bWsI&amp;list=PLEfXsoW8jty_NuoYOi9ETqZSjIw3tyRbk&amp;index=11\" target=\"_blank\" rel=\"noopener\">2 Morning pieces for clarinet &amp; piano<\/a><a href=\"https:\/\/www.youtube.com\/watch?v=geCaSt7bWsI&amp;list=PLEfXsoW8jty_NuoYOi9ETqZSjIw3tyRbk&amp;index=11\" target=\"_blank\" rel=\"noopener\"> (video klip)<\/a> \/klarinet &amp; klavir \/ <a href=\"https:\/\/soundcloud.com\/aleksandar-simic-composer\/2-morning-pieces-for-clarinet\" target=\"_blank\" rel=\"noopener\">(kompletan audio)<\/a><\/li>\n<li><a href=\"https:\/\/www.youtube.com\/watch?v=GcUZS0AGtig&amp;t=0s&amp;index=18&amp;list=PLEfXsoW8jty_NuoYOi9ETqZSjIw3tyRbk\" target=\"_blank\" rel=\"noopener\">2 Pieces in Balkan Style)<\/a> \/klarinet, violina &amp; klavir\/<\/li>\n<li><a href=\"https:\/\/soundcloud.com\/aleksandar-simic-composer\/agnus-dei\" target=\"_blank\" rel=\"noopener\">Agnus Dei (kompletan audio)<\/a> \/glas, violina, klarinet, \u010delo &amp; klavir\/<\/li>\n<li><a href=\"https:\/\/www.youtube.com\/watch?v=Lmid8AbZs3g&amp;index=9&amp;t=0s&amp;list=PLEfXsoW8jty_NuoYOi9ETqZSjIw3tyRbk\" target=\"_blank\" rel=\"noopener\">Night &amp; Dreams (kompletan video, sa solo violinom)<\/a> \/violina, klarinet &amp; klavir )<\/li>\n<li><a href=\"https:\/\/soundcloud.com\/aleksandar-simic-composer\/black-swan\" target=\"_blank\" rel=\"noopener\">Black Swan (kompletan audio)<\/a> \/\u010delo &amp; klavir\/<\/li>\n<li>You &amp; Me \/glas, \u010delo &amp; klavir\/<\/li>\n<li><a href=\"https:\/\/www.youtube.com\/watch?v=33Q-d1yGWrU&amp;t=0s&amp;index=7&amp;list=PLEfXsoW8jty_NuoYOi9ETqZSjIw3tyRbk\" target=\"_blank\" rel=\"noopener\">Oseh Shalom <\/a>\/glas, violina, klarinet, \u010delo, klavir &amp; perkusije\/<\/li>\n<li><a href=\"https:\/\/www.youtube.com\/watch?v=XTOH4e4s2cg&amp;t=0s&amp;index=20&amp;list=PLEfXsoW8jty_NuoYOi9ETqZSjIw3tyRbk\" target=\"_blank\" rel=\"noopener\">Remembering the Tango<\/a> \/violina, klavir, klarinet &amp; \u010delo + video instalacije\/<\/li>\n<li>Zodiac \/<a href=\"https:\/\/www.youtube.com\/watch?v=Dhpzwb2nV90&amp;t=0s&amp;index=23&amp;list=PLEfXsoW8jty_NuoYOi9ETqZSjIw3tyRbk\" target=\"_blank\" rel=\"noopener\">Pisces, Libra &amp; Sagittarius<\/a>\/ \/klavir, violina, klarinet &amp; \u010delo + video instalacije\/<\/li>\n<li><a href=\"https:\/\/www.youtube.com\/watch?v=Qb4zwsMGNsc&amp;t=0s&amp;index=22&amp;list=PLEfXsoW8jty_NuoYOi9ETqZSjIw3tyRbk\" target=\"_blank\" rel=\"noopener\">Under One Roof <\/a>\u00a0\/klavir, violina, klarinet , \u010delo &amp; perkusije + video instalacije\/<\/li>\n<\/ol>\n\n\t\t\t<\/div>\n\t<\/div>\n\t<\/div>\n\t<div class=\"ult-overlay-close top-right\" style=\"width:40px;height:40px; \"><div class=\"ult-overlay-close-inside\">Close<\/div><\/div>\n<\/div>[\/vc_column][\/vc_row]\n","protected":false},"excerpt":{"rendered":"<p>[vc_row ct_row_stretch=&#8220;&#8220; css=&#8220;.vc_custom_1551793609832{padding-top: 55px !important;}&#8220;][vc_column][vc_column_text] Autorski ansambl Aleksandar Simi\u0107 i Serafimi nastaje spontano 2005. godine, u momentu kada postaje jasno da je eklekti\u010dnost kompozitorove li\u010dnosti i neponovljivih \u017eivotnih iskustava iznedrila jedan veoma jedinstven opus koji po raznovrsnosti \u017eanrova i izraza, predstavlja uzbudljiv i dinami\u010dan splet muzi\u010dkih boja, oblika, mirisa i ukusa. Kombinacija instrumenata poput klavira, &#8230;<\/p>\n","protected":false},"author":1,"featured_media":0,"parent":0,"menu_order":0,"comment_status":"closed","ping_status":"closed","template":"","meta":{"footnotes":""},"class_list":["post-1985","page","type-page","status-publish","hentry"],"acf":[],"yoast_head":"<!-- This site is optimized with the Yoast SEO plugin v20.9 - https:\/\/yoast.com\/wordpress\/plugins\/seo\/ -->\n<title>Ansambl - Aleksandar Simi\u0107<\/title>\n<meta name=\"robots\" content=\"index, follow, max-snippet:-1, max-image-preview:large, max-video-preview:-1\" \/>\n<link rel=\"canonical\" href=\"https:\/\/aleksandarsimic.com\/sr\/ensemble\/\" \/>\n<meta property=\"og:locale\" content=\"sr_RS\" \/>\n<meta property=\"og:type\" content=\"article\" \/>\n<meta property=\"og:title\" content=\"Ansambl - Aleksandar Simi\u0107\" \/>\n<meta property=\"og:description\" content=\"[vc_row ct_row_stretch=&#8220;&#8220; css=&#8220;.vc_custom_1551793609832{padding-top: 55px !important;}&#8220;][vc_column][vc_column_text] Autorski ansambl Aleksandar Simi\u0107 i Serafimi nastaje spontano 2005. godine, u momentu kada postaje jasno da je eklekti\u010dnost kompozitorove li\u010dnosti i neponovljivih \u017eivotnih iskustava iznedrila jedan veoma jedinstven opus koji po raznovrsnosti \u017eanrova i izraza, predstavlja uzbudljiv i dinami\u010dan splet muzi\u010dkih boja, oblika, mirisa i ukusa. Kombinacija instrumenata poput klavira, ...\" \/>\n<meta property=\"og:url\" content=\"https:\/\/aleksandarsimic.com\/sr\/ensemble\/\" \/>\n<meta property=\"og:site_name\" content=\"Aleksandar Simi\u0107\" \/>\n<meta property=\"article:modified_time\" content=\"2019-03-05T13:47:15+00:00\" \/>\n<meta property=\"og:image\" content=\"http:\/\/aleksandarsimic.com\/wp-content\/uploads\/2019\/01\/Seraphim-Logo-221x300.jpg\" \/>\n<meta name=\"twitter:card\" content=\"summary_large_image\" \/>\n<meta name=\"twitter:label1\" content=\"\u041f\u0440\u043e\u0446\u0435\u045a\u0435\u043d\u043e \u0432\u0440\u0435\u043c\u0435 \u0447\u0438\u0442\u0430\u045a\u0430\" \/>\n\t<meta name=\"twitter:data1\" content=\"3 \u043c\u0438\u043d\u0443\u0442\u0430\" \/>\n<script type=\"application\/ld+json\" class=\"yoast-schema-graph\">{\"@context\":\"https:\/\/schema.org\",\"@graph\":[{\"@type\":\"WebPage\",\"@id\":\"https:\/\/aleksandarsimic.com\/sr\/ensemble\/\",\"url\":\"https:\/\/aleksandarsimic.com\/sr\/ensemble\/\",\"name\":\"Ansambl - Aleksandar Simi\u0107\",\"isPartOf\":{\"@id\":\"https:\/\/aleksandarsimic.com\/#website\"},\"datePublished\":\"2018-09-16T22:31:11+00:00\",\"dateModified\":\"2019-03-05T13:47:15+00:00\",\"breadcrumb\":{\"@id\":\"https:\/\/aleksandarsimic.com\/sr\/ensemble\/#breadcrumb\"},\"inLanguage\":\"sr-RS\",\"potentialAction\":[{\"@type\":\"ReadAction\",\"target\":[\"https:\/\/aleksandarsimic.com\/sr\/ensemble\/\"]}]},{\"@type\":\"BreadcrumbList\",\"@id\":\"https:\/\/aleksandarsimic.com\/sr\/ensemble\/#breadcrumb\",\"itemListElement\":[{\"@type\":\"ListItem\",\"position\":1,\"name\":\"Home\",\"item\":\"https:\/\/aleksandarsimic.com\/sr\/\"},{\"@type\":\"ListItem\",\"position\":2,\"name\":\"Ansambl\"}]},{\"@type\":\"WebSite\",\"@id\":\"https:\/\/aleksandarsimic.com\/#website\",\"url\":\"https:\/\/aleksandarsimic.com\/\",\"name\":\"Aleksandar Simi\u0107\",\"description\":\"\",\"potentialAction\":[{\"@type\":\"SearchAction\",\"target\":{\"@type\":\"EntryPoint\",\"urlTemplate\":\"https:\/\/aleksandarsimic.com\/?s={search_term_string}\"},\"query-input\":\"required name=search_term_string\"}],\"inLanguage\":\"sr-RS\"}]}<\/script>\n<!-- \/ Yoast SEO plugin. -->","yoast_head_json":{"title":"Ansambl - Aleksandar Simi\u0107","robots":{"index":"index","follow":"follow","max-snippet":"max-snippet:-1","max-image-preview":"max-image-preview:large","max-video-preview":"max-video-preview:-1"},"canonical":"https:\/\/aleksandarsimic.com\/sr\/ensemble\/","og_locale":"sr_RS","og_type":"article","og_title":"Ansambl - Aleksandar Simi\u0107","og_description":"[vc_row ct_row_stretch=&#8220;&#8220; css=&#8220;.vc_custom_1551793609832{padding-top: 55px !important;}&#8220;][vc_column][vc_column_text] Autorski ansambl Aleksandar Simi\u0107 i Serafimi nastaje spontano 2005. godine, u momentu kada postaje jasno da je eklekti\u010dnost kompozitorove li\u010dnosti i neponovljivih \u017eivotnih iskustava iznedrila jedan veoma jedinstven opus koji po raznovrsnosti \u017eanrova i izraza, predstavlja uzbudljiv i dinami\u010dan splet muzi\u010dkih boja, oblika, mirisa i ukusa. Kombinacija instrumenata poput klavira, ...","og_url":"https:\/\/aleksandarsimic.com\/sr\/ensemble\/","og_site_name":"Aleksandar Simi\u0107","article_modified_time":"2019-03-05T13:47:15+00:00","og_image":[{"url":"http:\/\/aleksandarsimic.com\/wp-content\/uploads\/2019\/01\/Seraphim-Logo-221x300.jpg"}],"twitter_card":"summary_large_image","twitter_misc":{"\u041f\u0440\u043e\u0446\u0435\u045a\u0435\u043d\u043e \u0432\u0440\u0435\u043c\u0435 \u0447\u0438\u0442\u0430\u045a\u0430":"3 \u043c\u0438\u043d\u0443\u0442\u0430"},"schema":{"@context":"https:\/\/schema.org","@graph":[{"@type":"WebPage","@id":"https:\/\/aleksandarsimic.com\/sr\/ensemble\/","url":"https:\/\/aleksandarsimic.com\/sr\/ensemble\/","name":"Ansambl - Aleksandar Simi\u0107","isPartOf":{"@id":"https:\/\/aleksandarsimic.com\/#website"},"datePublished":"2018-09-16T22:31:11+00:00","dateModified":"2019-03-05T13:47:15+00:00","breadcrumb":{"@id":"https:\/\/aleksandarsimic.com\/sr\/ensemble\/#breadcrumb"},"inLanguage":"sr-RS","potentialAction":[{"@type":"ReadAction","target":["https:\/\/aleksandarsimic.com\/sr\/ensemble\/"]}]},{"@type":"BreadcrumbList","@id":"https:\/\/aleksandarsimic.com\/sr\/ensemble\/#breadcrumb","itemListElement":[{"@type":"ListItem","position":1,"name":"Home","item":"https:\/\/aleksandarsimic.com\/sr\/"},{"@type":"ListItem","position":2,"name":"Ansambl"}]},{"@type":"WebSite","@id":"https:\/\/aleksandarsimic.com\/#website","url":"https:\/\/aleksandarsimic.com\/","name":"Aleksandar Simi\u0107","description":"","potentialAction":[{"@type":"SearchAction","target":{"@type":"EntryPoint","urlTemplate":"https:\/\/aleksandarsimic.com\/?s={search_term_string}"},"query-input":"required name=search_term_string"}],"inLanguage":"sr-RS"}]}},"_links":{"self":[{"href":"https:\/\/aleksandarsimic.com\/sr\/wp-json\/wp\/v2\/pages\/1985","targetHints":{"allow":["GET"]}}],"collection":[{"href":"https:\/\/aleksandarsimic.com\/sr\/wp-json\/wp\/v2\/pages"}],"about":[{"href":"https:\/\/aleksandarsimic.com\/sr\/wp-json\/wp\/v2\/types\/page"}],"author":[{"embeddable":true,"href":"https:\/\/aleksandarsimic.com\/sr\/wp-json\/wp\/v2\/users\/1"}],"replies":[{"embeddable":true,"href":"https:\/\/aleksandarsimic.com\/sr\/wp-json\/wp\/v2\/comments?post=1985"}],"version-history":[{"count":13,"href":"https:\/\/aleksandarsimic.com\/sr\/wp-json\/wp\/v2\/pages\/1985\/revisions"}],"predecessor-version":[{"id":2218,"href":"https:\/\/aleksandarsimic.com\/sr\/wp-json\/wp\/v2\/pages\/1985\/revisions\/2218"}],"wp:attachment":[{"href":"https:\/\/aleksandarsimic.com\/sr\/wp-json\/wp\/v2\/media?parent=1985"}],"curies":[{"name":"wp","href":"https:\/\/api.w.org\/{rel}","templated":true}]}}