{"id":1982,"date":"2018-09-16T22:31:25","date_gmt":"2018-09-16T22:31:25","guid":{"rendered":"http:\/\/aleksandarsimic.com\/contact\/"},"modified":"2019-03-11T12:56:17","modified_gmt":"2019-03-11T12:56:17","slug":"contact","status":"publish","type":"page","link":"https:\/\/aleksandarsimic.com\/sr\/contact\/","title":{"rendered":"Kontakt"},"content":{"rendered":"[vc_row ct_row_stretch=&#8220;&#8220; css=&#8220;.vc_custom_1549666938093{padding-top: 100px !important;}&#8220;][vc_column width=&#8220;2\/3&#8243;]\n<div class=\"wpcf7 no-js\" id=\"wpcf7-f2240-o1\" lang=\"en-US\" dir=\"ltr\">\n<div class=\"screen-reader-response\"><p role=\"status\" aria-live=\"polite\" aria-atomic=\"true\"><\/p> <ul><\/ul><\/div>\n<form action=\"\/sr\/wp-json\/wp\/v2\/pages\/1982#wpcf7-f2240-o1\" method=\"post\" class=\"wpcf7-form init\" aria-label=\"Contact form\" novalidate=\"novalidate\" data-status=\"init\">\n<div style=\"display: none;\">\n<input type=\"hidden\" name=\"_wpcf7\" value=\"2240\" \/>\n<input type=\"hidden\" name=\"_wpcf7_version\" value=\"5.7.7\" \/>\n<input type=\"hidden\" name=\"_wpcf7_locale\" value=\"en_US\" \/>\n<input type=\"hidden\" name=\"_wpcf7_unit_tag\" value=\"wpcf7-f2240-o1\" \/>\n<input type=\"hidden\" name=\"_wpcf7_container_post\" value=\"0\" \/>\n<input type=\"hidden\" name=\"_wpcf7_posted_data_hash\" value=\"\" \/>\n<\/div>\n<div class=\"polje\">\n\t<p><label>Va\u0161e ime<\/label><span class=\"wpcf7-form-control-wrap\" data-name=\"your-name\"><input size=\"40\" class=\"wpcf7-form-control wpcf7-text wpcf7-validates-as-required\" aria-required=\"true\" aria-invalid=\"false\" value=\"\" type=\"text\" name=\"your-name\" \/><\/span>\n\t<\/p>\n<\/div>\n<div class=\"polje\">\n\t<p><label>Va\u0161a e-mail adresa<\/label><span class=\"wpcf7-form-control-wrap\" data-name=\"your-email\"><input size=\"40\" class=\"wpcf7-form-control wpcf7-text wpcf7-email wpcf7-validates-as-required wpcf7-validates-as-email\" aria-required=\"true\" aria-invalid=\"false\" value=\"\" type=\"email\" name=\"your-email\" \/><\/span>\n\t<\/p>\n<\/div>\n<p class=\"polje\"><label>Molimo Vas da ispunite ovaj obrazac ako imate pitanja koja se ti\u010du umetnika i njegovog rada<\/label><span class=\"wpcf7-form-control-wrap\" data-name=\"your-message\"><textarea cols=\"40\" rows=\"10\" class=\"wpcf7-form-control wpcf7-textarea\" aria-invalid=\"false\" name=\"your-message\"><\/textarea><\/span>\n<\/p>\n<p style=\"margin: 0;\" class=\"posalji\"><input class=\"wpcf7-form-control has-spinner wpcf7-submit\" type=\"submit\" value=\"Po\u0161alji poruku\" \/>\n<\/p><p style=\"display: none !important;\"><label>&#916;<textarea name=\"_wpcf7_ak_hp_textarea\" cols=\"45\" rows=\"8\" maxlength=\"100\"><\/textarea><\/label><input type=\"hidden\" id=\"ak_js_1\" name=\"_wpcf7_ak_js\" value=\"49\"\/><script>document.getElementById( \"ak_js_1\" ).setAttribute( \"value\", ( new Date() ).getTime() );<\/script><\/p><div class=\"wpcf7-response-output\" aria-hidden=\"true\"><\/div>\n<\/form>\n<\/div>\n[\/vc_column][vc_column width=&#8220;1\/3&#8243;][vc_single_image image=&#8220;1980&#8243; img_size=&#8220;full&#8220; alignment=&#8220;center&#8220; el_id=&#8220;maliodbitak&#8220;][vc_column_text]<strong>Udru\u017eenje za unapre\u0111enje i popularizaciju klasi\u010dne muzike<\/strong><br \/>\nAdresa: Resavska 40a, 11000 Beograd, Srbija<br \/>\nTel\/Fax: +381(11)361-9556<br \/>\nemail: <a href=\"mailto:udruzenje.upkm@gmail.com\">udruzenje.upkm@gmail.com<\/a>[\/vc_column_text][vc_row_inner][vc_column_inner width=&#8220;1\/12&#8243; css=&#8220;.vc_custom_1552308914194{margin-left: 19px !important;padding-left: 0px !important;}&#8220; offset=&#8220;vc_col-xs-1&#8243;][vc_icon icon_fontawesome=&#8220;fa fa-facebook-official&#8220; color=&#8220;custom&#8220; link=&#8220;url:https%3A%2F%2Fwww.facebook.com%2Faleksandar.simic.10485||target:%20_blank|&#8220; custom_color=&#8220;#666666&#8243;][\/vc_column_inner][vc_column_inner width=&#8220;1\/12&#8243; css=&#8220;.vc_custom_1552308936964{margin-left: 22px !important;}&#8220; offset=&#8220;vc_col-xs-1&#8243;][vc_icon icon_fontawesome=&#8220;fa fa-instagram&#8220; color=&#8220;custom&#8220; link=&#8220;url:https%3A%2F%2Fwww.facebook.com%2Faleksandar.simic.10485||target:%20_blank|&#8220; custom_color=&#8220;#666666&#8243;][\/vc_column_inner][vc_column_inner width=&#8220;5\/6&#8243;][\/vc_column_inner][\/vc_row_inner][\/vc_column][\/vc_row]\n","protected":false},"excerpt":{"rendered":"<p>[vc_row ct_row_stretch=&#8220;&#8220; css=&#8220;.vc_custom_1549666938093{padding-top: 100px !important;}&#8220;][vc_column width=&#8220;2\/3&#8243;][\/vc_column][vc_column width=&#8220;1\/3&#8243;][vc_single_image image=&#8220;1980&#8243; img_size=&#8220;full&#8220; alignment=&#8220;center&#8220; el_id=&#8220;maliodbitak&#8220;][vc_column_text]Udru\u017eenje za unapre\u0111enje i popularizaciju klasi\u010dne muzike Adresa: Resavska 40a, 11000 Beograd, Srbija Tel\/Fax: +381(11)361-9556 email: udruzenje.upkm@gmail.com[\/vc_column_text][vc_row_inner][vc_column_inner width=&#8220;1\/12&#8243; css=&#8220;.vc_custom_1552308914194{margin-left: 19px !important;padding-left: 0px !important;}&#8220; offset=&#8220;vc_col-xs-1&#8243;][vc_icon icon_fontawesome=&#8220;fa fa-facebook-official&#8220; color=&#8220;custom&#8220; link=&#8220;url:https%3A%2F%2Fwww.facebook.com%2Faleksandar.simic.10485||target:%20_blank|&#8220; custom_color=&#8220;#666666&#8243;][\/vc_column_inner][vc_column_inner width=&#8220;1\/12&#8243; css=&#8220;.vc_custom_1552308936964{margin-left: 22px !important;}&#8220; offset=&#8220;vc_col-xs-1&#8243;][vc_icon icon_fontawesome=&#8220;fa fa-instagram&#8220; color=&#8220;custom&#8220; link=&#8220;url:https%3A%2F%2Fwww.facebook.com%2Faleksandar.simic.10485||target:%20_blank|&#8220; custom_color=&#8220;#666666&#8243;][\/vc_column_inner][vc_column_inner width=&#8220;5\/6&#8243;][\/vc_column_inner][\/vc_row_inner][\/vc_column][\/vc_row]<\/p>\n","protected":false},"author":1,"featured_media":0,"parent":0,"menu_order":0,"comment_status":"closed","ping_status":"closed","template":"","meta":{"footnotes":""},"class_list":["post-1982","page","type-page","status-publish","hentry"],"acf":[],"yoast_head":"<!-- This site is optimized with the Yoast SEO plugin v20.9 - https:\/\/yoast.com\/wordpress\/plugins\/seo\/ -->\n<title>Kontakt - Aleksandar Simi\u0107<\/title>\n<meta name=\"robots\" content=\"index, follow, max-snippet:-1, max-image-preview:large, max-video-preview:-1\" \/>\n<link rel=\"canonical\" href=\"https:\/\/aleksandarsimic.com\/sr\/contact\/\" \/>\n<meta property=\"og:locale\" content=\"sr_RS\" \/>\n<meta property=\"og:type\" content=\"article\" \/>\n<meta property=\"og:title\" content=\"Kontakt - Aleksandar Simi\u0107\" \/>\n<meta property=\"og:description\" content=\"[vc_row ct_row_stretch=&#8220;&#8220; css=&#8220;.vc_custom_1549666938093{padding-top: 100px !important;}&#8220;][vc_column width=&#8220;2\/3&#8243;][\/vc_column][vc_column width=&#8220;1\/3&#8243;][vc_single_image image=&#8220;1980&#8243; img_size=&#8220;full&#8220; alignment=&#8220;center&#8220; el_id=&#8220;maliodbitak&#8220;][vc_column_text]Udru\u017eenje za unapre\u0111enje i popularizaciju klasi\u010dne muzike Adresa: Resavska 40a, 11000 Beograd, Srbija Tel\/Fax: +381(11)361-9556 email: udruzenje.upkm@gmail.com[\/vc_column_text][vc_row_inner][vc_column_inner width=&#8220;1\/12&#8243; css=&#8220;.vc_custom_1552308914194{margin-left: 19px !important;padding-left: 0px !important;}&#8220; offset=&#8220;vc_col-xs-1&#8243;][vc_icon icon_fontawesome=&#8220;fa fa-facebook-official&#8220; color=&#8220;custom&#8220; link=&#8220;url:https%3A%2F%2Fwww.facebook.com%2Faleksandar.simic.10485||target:%20_blank|&#8220; custom_color=&#8220;#666666&#8243;][\/vc_column_inner][vc_column_inner width=&#8220;1\/12&#8243; css=&#8220;.vc_custom_1552308936964{margin-left: 22px !important;}&#8220; offset=&#8220;vc_col-xs-1&#8243;][vc_icon icon_fontawesome=&#8220;fa fa-instagram&#8220; color=&#8220;custom&#8220; link=&#8220;url:https%3A%2F%2Fwww.facebook.com%2Faleksandar.simic.10485||target:%20_blank|&#8220; custom_color=&#8220;#666666&#8243;][\/vc_column_inner][vc_column_inner width=&#8220;5\/6&#8243;][\/vc_column_inner][\/vc_row_inner][\/vc_column][\/vc_row]\" \/>\n<meta property=\"og:url\" content=\"https:\/\/aleksandarsimic.com\/sr\/contact\/\" \/>\n<meta property=\"og:site_name\" content=\"Aleksandar Simi\u0107\" \/>\n<meta property=\"article:modified_time\" content=\"2019-03-11T12:56:17+00:00\" \/>\n<meta name=\"twitter:card\" content=\"summary_large_image\" \/>\n<meta name=\"twitter:label1\" content=\"\u041f\u0440\u043e\u0446\u0435\u045a\u0435\u043d\u043e \u0432\u0440\u0435\u043c\u0435 \u0447\u0438\u0442\u0430\u045a\u0430\" \/>\n\t<meta name=\"twitter:data1\" content=\"1 \u043c\u0438\u043d\u0443\u0442\" \/>\n<script type=\"application\/ld+json\" class=\"yoast-schema-graph\">{\"@context\":\"https:\/\/schema.org\",\"@graph\":[{\"@type\":\"WebPage\",\"@id\":\"https:\/\/aleksandarsimic.com\/sr\/contact\/\",\"url\":\"https:\/\/aleksandarsimic.com\/sr\/contact\/\",\"name\":\"Kontakt - Aleksandar Simi\u0107\",\"isPartOf\":{\"@id\":\"https:\/\/aleksandarsimic.com\/#website\"},\"datePublished\":\"2018-09-16T22:31:25+00:00\",\"dateModified\":\"2019-03-11T12:56:17+00:00\",\"breadcrumb\":{\"@id\":\"https:\/\/aleksandarsimic.com\/sr\/contact\/#breadcrumb\"},\"inLanguage\":\"sr-RS\",\"potentialAction\":[{\"@type\":\"ReadAction\",\"target\":[\"https:\/\/aleksandarsimic.com\/sr\/contact\/\"]}]},{\"@type\":\"BreadcrumbList\",\"@id\":\"https:\/\/aleksandarsimic.com\/sr\/contact\/#breadcrumb\",\"itemListElement\":[{\"@type\":\"ListItem\",\"position\":1,\"name\":\"Home\",\"item\":\"https:\/\/aleksandarsimic.com\/sr\/\"},{\"@type\":\"ListItem\",\"position\":2,\"name\":\"Kontakt\"}]},{\"@type\":\"WebSite\",\"@id\":\"https:\/\/aleksandarsimic.com\/#website\",\"url\":\"https:\/\/aleksandarsimic.com\/\",\"name\":\"Aleksandar Simi\u0107\",\"description\":\"\",\"potentialAction\":[{\"@type\":\"SearchAction\",\"target\":{\"@type\":\"EntryPoint\",\"urlTemplate\":\"https:\/\/aleksandarsimic.com\/?s={search_term_string}\"},\"query-input\":\"required name=search_term_string\"}],\"inLanguage\":\"sr-RS\"}]}<\/script>\n<!-- \/ Yoast SEO plugin. -->","yoast_head_json":{"title":"Kontakt - Aleksandar Simi\u0107","robots":{"index":"index","follow":"follow","max-snippet":"max-snippet:-1","max-image-preview":"max-image-preview:large","max-video-preview":"max-video-preview:-1"},"canonical":"https:\/\/aleksandarsimic.com\/sr\/contact\/","og_locale":"sr_RS","og_type":"article","og_title":"Kontakt - Aleksandar Simi\u0107","og_description":"[vc_row ct_row_stretch=&#8220;&#8220; css=&#8220;.vc_custom_1549666938093{padding-top: 100px !important;}&#8220;][vc_column width=&#8220;2\/3&#8243;][\/vc_column][vc_column width=&#8220;1\/3&#8243;][vc_single_image image=&#8220;1980&#8243; img_size=&#8220;full&#8220; alignment=&#8220;center&#8220; el_id=&#8220;maliodbitak&#8220;][vc_column_text]Udru\u017eenje za unapre\u0111enje i popularizaciju klasi\u010dne muzike Adresa: Resavska 40a, 11000 Beograd, Srbija Tel\/Fax: +381(11)361-9556 email: udruzenje.upkm@gmail.com[\/vc_column_text][vc_row_inner][vc_column_inner width=&#8220;1\/12&#8243; css=&#8220;.vc_custom_1552308914194{margin-left: 19px !important;padding-left: 0px !important;}&#8220; offset=&#8220;vc_col-xs-1&#8243;][vc_icon icon_fontawesome=&#8220;fa fa-facebook-official&#8220; color=&#8220;custom&#8220; link=&#8220;url:https%3A%2F%2Fwww.facebook.com%2Faleksandar.simic.10485||target:%20_blank|&#8220; custom_color=&#8220;#666666&#8243;][\/vc_column_inner][vc_column_inner width=&#8220;1\/12&#8243; css=&#8220;.vc_custom_1552308936964{margin-left: 22px !important;}&#8220; offset=&#8220;vc_col-xs-1&#8243;][vc_icon icon_fontawesome=&#8220;fa fa-instagram&#8220; color=&#8220;custom&#8220; link=&#8220;url:https%3A%2F%2Fwww.facebook.com%2Faleksandar.simic.10485||target:%20_blank|&#8220; custom_color=&#8220;#666666&#8243;][\/vc_column_inner][vc_column_inner width=&#8220;5\/6&#8243;][\/vc_column_inner][\/vc_row_inner][\/vc_column][\/vc_row]","og_url":"https:\/\/aleksandarsimic.com\/sr\/contact\/","og_site_name":"Aleksandar Simi\u0107","article_modified_time":"2019-03-11T12:56:17+00:00","twitter_card":"summary_large_image","twitter_misc":{"\u041f\u0440\u043e\u0446\u0435\u045a\u0435\u043d\u043e \u0432\u0440\u0435\u043c\u0435 \u0447\u0438\u0442\u0430\u045a\u0430":"1 \u043c\u0438\u043d\u0443\u0442"},"schema":{"@context":"https:\/\/schema.org","@graph":[{"@type":"WebPage","@id":"https:\/\/aleksandarsimic.com\/sr\/contact\/","url":"https:\/\/aleksandarsimic.com\/sr\/contact\/","name":"Kontakt - Aleksandar Simi\u0107","isPartOf":{"@id":"https:\/\/aleksandarsimic.com\/#website"},"datePublished":"2018-09-16T22:31:25+00:00","dateModified":"2019-03-11T12:56:17+00:00","breadcrumb":{"@id":"https:\/\/aleksandarsimic.com\/sr\/contact\/#breadcrumb"},"inLanguage":"sr-RS","potentialAction":[{"@type":"ReadAction","target":["https:\/\/aleksandarsimic.com\/sr\/contact\/"]}]},{"@type":"BreadcrumbList","@id":"https:\/\/aleksandarsimic.com\/sr\/contact\/#breadcrumb","itemListElement":[{"@type":"ListItem","position":1,"name":"Home","item":"https:\/\/aleksandarsimic.com\/sr\/"},{"@type":"ListItem","position":2,"name":"Kontakt"}]},{"@type":"WebSite","@id":"https:\/\/aleksandarsimic.com\/#website","url":"https:\/\/aleksandarsimic.com\/","name":"Aleksandar Simi\u0107","description":"","potentialAction":[{"@type":"SearchAction","target":{"@type":"EntryPoint","urlTemplate":"https:\/\/aleksandarsimic.com\/?s={search_term_string}"},"query-input":"required name=search_term_string"}],"inLanguage":"sr-RS"}]}},"_links":{"self":[{"href":"https:\/\/aleksandarsimic.com\/sr\/wp-json\/wp\/v2\/pages\/1982","targetHints":{"allow":["GET"]}}],"collection":[{"href":"https:\/\/aleksandarsimic.com\/sr\/wp-json\/wp\/v2\/pages"}],"about":[{"href":"https:\/\/aleksandarsimic.com\/sr\/wp-json\/wp\/v2\/types\/page"}],"author":[{"embeddable":true,"href":"https:\/\/aleksandarsimic.com\/sr\/wp-json\/wp\/v2\/users\/1"}],"replies":[{"embeddable":true,"href":"https:\/\/aleksandarsimic.com\/sr\/wp-json\/wp\/v2\/comments?post=1982"}],"version-history":[{"count":7,"href":"https:\/\/aleksandarsimic.com\/sr\/wp-json\/wp\/v2\/pages\/1982\/revisions"}],"predecessor-version":[{"id":2301,"href":"https:\/\/aleksandarsimic.com\/sr\/wp-json\/wp\/v2\/pages\/1982\/revisions\/2301"}],"wp:attachment":[{"href":"https:\/\/aleksandarsimic.com\/sr\/wp-json\/wp\/v2\/media?parent=1982"}],"curies":[{"name":"wp","href":"https:\/\/api.w.org\/{rel}","templated":true}]}}